{"id":707,"date":"2025-12-15T15:23:51","date_gmt":"2025-12-15T14:23:51","guid":{"rendered":"https:\/\/www.eurogrecefrance.org\/?page_id=707"},"modified":"2025-12-15T16:06:52","modified_gmt":"2025-12-15T15:06:52","slug":"presta-autres-activites-2","status":"publish","type":"page","link":"https:\/\/www.eurogrecefrance.org\/index.php\/presta-autres-activites-2\/","title":{"rendered":"Prestations"},"content":{"rendered":"\t\t<div data-elementor-type=\"wp-page\" data-elementor-id=\"707\" class=\"elementor elementor-707\" data-elementor-post-type=\"page\">\n\t\t\t\t<div class=\"elementor-element elementor-element-1317c08f e-con-full e-flex e-con e-parent\" data-id=\"1317c08f\" data-element_type=\"container\">\n\t\t<div class=\"elementor-element elementor-element-6bf3945e e-con-full e-flex e-con e-child\" data-id=\"6bf3945e\" data-element_type=\"container\">\n\t\t\t\t<div class=\"elementor-element elementor-element-258f778 elementor-widget elementor-widget-image\" data-id=\"258f778\" data-element_type=\"widget\" data-widget_type=\"image.default\">\n\t\t\t\t<div class=\"elementor-widget-container\">\n\t\t\t\t\t\t\t\t\t\t\t\t\t\t\t<img fetchpriority=\"high\" decoding=\"async\" width=\"800\" height=\"600\" src=\"https:\/\/www.eurogrecefrance.org\/wp-content\/uploads\/2025\/10\/spectacle_telethon_st-jean-de-vedas_2024-1024x768.jpg\" class=\"attachment-large size-large wp-image-672\" alt=\"\" srcset=\"https:\/\/www.eurogrecefrance.org\/wp-content\/uploads\/2025\/10\/spectacle_telethon_st-jean-de-vedas_2024-1024x768.jpg 1024w, https:\/\/www.eurogrecefrance.org\/wp-content\/uploads\/2025\/10\/spectacle_telethon_st-jean-de-vedas_2024-300x225.jpg 300w, https:\/\/www.eurogrecefrance.org\/wp-content\/uploads\/2025\/10\/spectacle_telethon_st-jean-de-vedas_2024-768x576.jpg 768w, https:\/\/www.eurogrecefrance.org\/wp-content\/uploads\/2025\/10\/spectacle_telethon_st-jean-de-vedas_2024-1536x1152.jpg 1536w, https:\/\/www.eurogrecefrance.org\/wp-content\/uploads\/2025\/10\/spectacle_telethon_st-jean-de-vedas_2024.jpg 2000w\" sizes=\"(max-width: 800px) 100vw, 800px\" \/>\t\t\t\t\t\t\t\t\t\t\t\t\t\t\t<\/div>\n\t\t\t\t<\/div>\n\t\t\t\t<\/div>\n\t\t<div class=\"elementor-element elementor-element-1d1ceeb7 e-con-full e-flex e-con e-child\" data-id=\"1d1ceeb7\" data-element_type=\"container\">\n\t\t\t\t<div class=\"elementor-element elementor-element-5441cb66 elementor-widget elementor-widget-heading\" data-id=\"5441cb66\" data-element_type=\"widget\" data-widget_type=\"heading.default\">\n\t\t\t\t<div class=\"elementor-widget-container\">\n\t\t\t\t\t<h1 class=\"elementor-heading-title elementor-size-default\">Les Prestations <\/h1>\t\t\t\t<\/div>\n\t\t\t\t<\/div>\n\t\t\t\t<div class=\"elementor-element elementor-element-6321f01 elementor-widget elementor-widget-text-editor\" data-id=\"6321f01\" data-element_type=\"widget\" data-widget_type=\"text-editor.default\">\n\t\t\t\t<div class=\"elementor-widget-container\">\n\t\t\t\t\t\t\t\t\t<p dir=\"ltr\" style=\"line-height: 1.5; text-align: justify; background-color: #ffffff; margin-top: 0pt; margin-bottom: 0pt; padding: 0pt 0pt 14pt 0pt;\"><span style=\"font-weight: 400;\"><strong>L&rsquo;association Euro-Gr\u00e8ce France se tient \u00e0 votre disposition pour l&rsquo;organisation de diverses prestations : spectacle de danse ou de musique, soir\u00e9e taverne, concert de chorale. <\/strong><\/span><\/p>\n<p dir=\"ltr\" style=\"line-height: 1.5; text-align: justify; margin-top: 0pt; margin-bottom: 0pt; padding: 0pt 0pt 14pt;\">Pour toute demande, merci de nous contacter par mail : <strong>euro_grece_france@yahoo.org<\/strong><\/p>\t\t\t\t\t\t\t\t<\/div>\n\t\t\t\t<\/div>\n\t\t\t\t<\/div>\n\t\t\t\t<\/div>\n\t\t\t\t<\/div>\n\t\t","protected":false},"excerpt":{"rendered":"<p>Les Prestations L&rsquo;association Euro-Gr\u00e8ce France se tient \u00e0 votre disposition pour l&rsquo;organisation de diverses prestations : spectacle de danse ou de musique, soir\u00e9e taverne, concert de chorale. Pour toute demande, [&hellip;]<\/p>\n","protected":false},"author":2,"featured_media":0,"parent":0,"menu_order":0,"comment_status":"closed","ping_status":"closed","template":"elementor_header_footer","meta":{"footnotes":""},"class_list":["post-707","page","type-page","status-publish","hentry"],"_links":{"self":[{"href":"https:\/\/www.eurogrecefrance.org\/index.php\/wp-json\/wp\/v2\/pages\/707","targetHints":{"allow":["GET"]}}],"collection":[{"href":"https:\/\/www.eurogrecefrance.org\/index.php\/wp-json\/wp\/v2\/pages"}],"about":[{"href":"https:\/\/www.eurogrecefrance.org\/index.php\/wp-json\/wp\/v2\/types\/page"}],"author":[{"embeddable":true,"href":"https:\/\/www.eurogrecefrance.org\/index.php\/wp-json\/wp\/v2\/users\/2"}],"replies":[{"embeddable":true,"href":"https:\/\/www.eurogrecefrance.org\/index.php\/wp-json\/wp\/v2\/comments?post=707"}],"version-history":[{"count":7,"href":"https:\/\/www.eurogrecefrance.org\/index.php\/wp-json\/wp\/v2\/pages\/707\/revisions"}],"predecessor-version":[{"id":734,"href":"https:\/\/www.eurogrecefrance.org\/index.php\/wp-json\/wp\/v2\/pages\/707\/revisions\/734"}],"wp:attachment":[{"href":"https:\/\/www.eurogrecefrance.org\/index.php\/wp-json\/wp\/v2\/media?parent=707"}],"curies":[{"name":"wp","href":"https:\/\/api.w.org\/{rel}","templated":true}]}}