{"id":532,"date":"2025-09-03T10:08:14","date_gmt":"2025-09-03T08:08:14","guid":{"rendered":"https:\/\/www.eurogrecefrance.org\/?page_id=532"},"modified":"2025-09-03T10:10:28","modified_gmt":"2025-09-03T08:10:28","slug":"mentions-legales","status":"publish","type":"page","link":"https:\/\/www.eurogrecefrance.org\/index.php\/mentions-legales\/","title":{"rendered":"Mentions l\u00e9gales"},"content":{"rendered":"\t\t<div data-elementor-type=\"wp-page\" data-elementor-id=\"532\" class=\"elementor elementor-532\" data-elementor-post-type=\"page\">\n\t\t\t\t<div class=\"elementor-element elementor-element-81180eb e-flex e-con-boxed e-con e-parent\" data-id=\"81180eb\" data-element_type=\"container\">\n\t\t\t\t\t<div class=\"e-con-inner\">\n\t\t\t\t<div class=\"elementor-element elementor-element-c0bb766 elementor-widget elementor-widget-heading\" data-id=\"c0bb766\" data-element_type=\"widget\" data-widget_type=\"heading.default\">\n\t\t\t\t<div class=\"elementor-widget-container\">\n\t\t\t\t\t<h2 class=\"elementor-heading-title elementor-size-default\">Mentions L\u00e9gales<\/h2>\t\t\t\t<\/div>\n\t\t\t\t<\/div>\n\t\t<div class=\"elementor-element elementor-element-8a3b5fa e-con-full e-flex e-con e-child\" data-id=\"8a3b5fa\" data-element_type=\"container\">\n\t\t<div class=\"elementor-element elementor-element-0fd6191 e-con-full e-flex e-con e-child\" data-id=\"0fd6191\" data-element_type=\"container\">\n\t\t\t\t<div class=\"elementor-element elementor-element-941472e elementor-widget elementor-widget-text-editor\" data-id=\"941472e\" data-element_type=\"widget\" data-widget_type=\"text-editor.default\">\n\t\t\t\t<div class=\"elementor-widget-container\">\n\t\t\t\t\t\t\t\t\t<p>Ce site est \u00e9dit\u00e9 par <strong>EuroGr\u00e8ceFrance<\/strong>.<br \/>Le Secours populaire fran\u00e7ais est une association \u00e0 but non lucratif r\u00e9gie par la loi de 1901.<\/p><p><b>A PROPOS DE CE SITE<\/b><br \/>Directrice de la publication : Emmanuella Stauron<br \/>H\u00e9bergeur : OVH France<br \/>Conception du site : Danstacom<\/p><p><b>NOS COORDONNEES<\/b><br \/>Espace Martin Luther King, 27 Bd Louis Blanc<br \/>34000 MONTPELLIER<br \/><a href=\"mailto:euro_grece_france@yahoo.fr\">euro_grece_france@yahoo.fr<\/a><\/p><p><!-- notionvc: 8e2dca27-9ce7-4eb0-99b6-a22da9408405 --><b>COOKIES<\/b><br \/>Ce site est susceptible d&rsquo;enregistrer des \u00ab cookies \u00bb sur votre ordinateur.<br \/>Il s&rsquo;agit d&rsquo;informations sur votre visite, consultables par le site si vous revenez le visiter ult\u00e9rieurement.<br \/><br \/><\/p><p><b>TRAITEMENT DES DONNEES PERSONNELLES<\/b><br \/>Les informations recueillies sur ce site sont enregistr\u00e9es dans un fichier informatis\u00e9 par EuroGreceFrance.<\/p><p>Ces donn\u00e9es sont destin\u00e9es \u00e0 EuroGreceFrance et aux tiers qu&rsquo;il mandate, \u00e0 des fins de gestion interne,\u00a0 r\u00e9pondre \u00e0 vos demandes, faire appel \u00e0 vous dans le cadre de ses missions, vous adresser des informations sur les missions et actions de l&rsquo;association.<\/p><p>Les donn\u00e9es ne sont ni lou\u00e9es, ni \u00e9chang\u00e9es, ni vendues \u00e0 des tiers. Elles ne sont pas transf\u00e9r\u00e9es en-dehors de l&rsquo;Union Europ\u00e9enne.<\/p><p>Conform\u00e9ment \u00e0 la r\u00e9glementation relative \u00e0 la protection des donn\u00e9es \u00e0 caract\u00e8re personnel, vous pouvez acc\u00e9der \u00e0 vos donn\u00e9es personnelles, demander leur rectification, limitation ou effacement et vous opposer \u00e0 leur utilisation, en contactant l&rsquo;adresse <a href=\"mailto:euro_grece_france@yahoo.fr\">euro_grece_france@yahoo.fr<\/a> ou en nous \u00e9crivant \u00e0 \u00ab EurogreceFrance, Traitement des donn\u00e9es personnelles, Espace Martin Luther King, 27 Bd Louis Blanc<br \/>34000 MONTPELLIER \u00bb.<\/p><p>Vous pouvez aussi contacter la d\u00e9l\u00e9gu\u00e9e \u00e0 la protection des donn\u00e9es de l&rsquo;association EuroGreceFrance \u00e0 l&rsquo;adresse mail : <a href=\"mailto:emmanuellastauron@hotmail.com\" target=\"_blank\" rel=\"noopener\">emmanuellastauron@hotmail.com<\/a><\/p><p>Ces donn\u00e9es sont conserv\u00e9es pendant la dur\u00e9e strictement n\u00e9cessaire \u00e0 la r\u00e9alisation des finalit\u00e9s pr\u00e9cit\u00e9es.<\/p>\t\t\t\t\t\t\t\t<\/div>\n\t\t\t\t<\/div>\n\t\t\t\t<\/div>\n\t\t\t\t<\/div>\n\t\t\t\t\t<\/div>\n\t\t\t\t<\/div>\n\t\t\t\t<\/div>\n\t\t","protected":false},"excerpt":{"rendered":"<p>Mentions L\u00e9gales Ce site est \u00e9dit\u00e9 par EuroGr\u00e8ceFrance.Le Secours populaire fran\u00e7ais est une association \u00e0 but non lucratif r\u00e9gie par la loi de 1901. A PROPOS DE CE SITEDirectrice de [&hellip;]<\/p>\n","protected":false},"author":1,"featured_media":0,"parent":0,"menu_order":0,"comment_status":"closed","ping_status":"closed","template":"elementor_header_footer","meta":{"footnotes":""},"class_list":["post-532","page","type-page","status-publish","hentry"],"_links":{"self":[{"href":"https:\/\/www.eurogrecefrance.org\/index.php\/wp-json\/wp\/v2\/pages\/532","targetHints":{"allow":["GET"]}}],"collection":[{"href":"https:\/\/www.eurogrecefrance.org\/index.php\/wp-json\/wp\/v2\/pages"}],"about":[{"href":"https:\/\/www.eurogrecefrance.org\/index.php\/wp-json\/wp\/v2\/types\/page"}],"author":[{"embeddable":true,"href":"https:\/\/www.eurogrecefrance.org\/index.php\/wp-json\/wp\/v2\/users\/1"}],"replies":[{"embeddable":true,"href":"https:\/\/www.eurogrecefrance.org\/index.php\/wp-json\/wp\/v2\/comments?post=532"}],"version-history":[{"count":3,"href":"https:\/\/www.eurogrecefrance.org\/index.php\/wp-json\/wp\/v2\/pages\/532\/revisions"}],"predecessor-version":[{"id":535,"href":"https:\/\/www.eurogrecefrance.org\/index.php\/wp-json\/wp\/v2\/pages\/532\/revisions\/535"}],"wp:attachment":[{"href":"https:\/\/www.eurogrecefrance.org\/index.php\/wp-json\/wp\/v2\/media?parent=532"}],"curies":[{"name":"wp","href":"https:\/\/api.w.org\/{rel}","templated":true}]}}