{"id":357,"date":"2025-05-12T16:01:51","date_gmt":"2025-05-12T14:01:51","guid":{"rendered":"https:\/\/www.eurogrecefrance.org\/?page_id=357"},"modified":"2025-10-01T21:39:32","modified_gmt":"2025-10-01T19:39:32","slug":"philia-spectacle","status":"publish","type":"page","link":"https:\/\/www.eurogrecefrance.org\/index.php\/philia-spectacle\/","title":{"rendered":"Philia"},"content":{"rendered":"\t\t<div data-elementor-type=\"wp-page\" data-elementor-id=\"357\" class=\"elementor elementor-357\" data-elementor-post-type=\"page\">\n\t\t\t\t<div class=\"elementor-element elementor-element-1317c08f e-con-full e-flex e-con e-parent\" data-id=\"1317c08f\" data-element_type=\"container\">\n\t\t<div class=\"elementor-element elementor-element-6bf3945e e-con-full e-flex e-con e-child\" data-id=\"6bf3945e\" data-element_type=\"container\">\n\t\t\t\t<div class=\"elementor-element elementor-element-258f778 elementor-widget elementor-widget-image\" data-id=\"258f778\" data-element_type=\"widget\" data-widget_type=\"image.default\">\n\t\t\t\t<div class=\"elementor-widget-container\">\n\t\t\t\t\t\t\t\t\t\t\t\t\t\t\t<img fetchpriority=\"high\" decoding=\"async\" width=\"800\" height=\"533\" src=\"https:\/\/www.eurogrecefrance.org\/wp-content\/uploads\/2025\/08\/concert-philia_Parempuyre_2016.webp\" class=\"attachment-large size-large wp-image-480\" alt=\"\" srcset=\"https:\/\/www.eurogrecefrance.org\/wp-content\/uploads\/2025\/08\/concert-philia_Parempuyre_2016.webp 960w, https:\/\/www.eurogrecefrance.org\/wp-content\/uploads\/2025\/08\/concert-philia_Parempuyre_2016-300x200.webp 300w, https:\/\/www.eurogrecefrance.org\/wp-content\/uploads\/2025\/08\/concert-philia_Parempuyre_2016-768x512.webp 768w\" sizes=\"(max-width: 800px) 100vw, 800px\" \/>\t\t\t\t\t\t\t\t\t\t\t\t\t\t\t<\/div>\n\t\t\t\t<\/div>\n\t\t\t\t<\/div>\n\t\t<div class=\"elementor-element elementor-element-1d1ceeb7 e-con-full e-flex e-con e-child\" data-id=\"1d1ceeb7\" data-element_type=\"container\">\n\t\t\t\t<div class=\"elementor-element elementor-element-22534a9 elementor-widget elementor-widget-menu-anchor\" data-id=\"22534a9\" data-element_type=\"widget\" data-widget_type=\"menu-anchor.default\">\n\t\t\t\t<div class=\"elementor-widget-container\">\n\t\t\t\t\t\t\t<div class=\"elementor-menu-anchor\" id=\"philia\"><\/div>\n\t\t\t\t\t\t<\/div>\n\t\t\t\t<\/div>\n\t\t\t\t<div class=\"elementor-element elementor-element-5441cb66 elementor-widget elementor-widget-heading\" data-id=\"5441cb66\" data-element_type=\"widget\" data-widget_type=\"heading.default\">\n\t\t\t\t<div class=\"elementor-widget-container\">\n\t\t\t\t\t<h1 class=\"elementor-heading-title elementor-size-default\">Les Spectacles\nPhilia<\/h1>\t\t\t\t<\/div>\n\t\t\t\t<\/div>\n\t\t\t\t<div class=\"elementor-element elementor-element-6321f01 elementor-widget elementor-widget-text-editor\" data-id=\"6321f01\" data-element_type=\"widget\" data-widget_type=\"text-editor.default\">\n\t\t\t\t<div class=\"elementor-widget-container\">\n\t\t\t\t\t\t\t\t\t<p dir=\"ltr\" style=\"line-height: 1.5; text-align: justify; background-color: #ffffff; margin-top: 0pt; margin-bottom: 0pt; padding: 0pt 0pt 14pt 0pt;\"><span style=\"font-weight: 400;\"><strong>L&rsquo;association Euro Gr\u00e8ce France est partenaire du groupe Philia<\/strong>. <\/span><\/p><p dir=\"ltr\" style=\"line-height: 1.5; text-align: justify; background-color: #ffffff; margin-top: 0pt; margin-bottom: 0pt; padding: 0pt 0pt 14pt 0pt;\"><span style=\"font-weight: 400;\">Philia propose depuis 10 ans des spectacles enti\u00e8rement con\u00e7us et r\u00e9alis\u00e9s par eux-m\u00eames. <\/span><span style=\"font-weight: 400;\"><br \/><\/span><span style=\"font-weight: 400;\">Ces spectacles d&rsquo;une dur\u00e9e d&rsquo;1H30 sont adapt\u00e9s \u00e0 un public fran\u00e7ais et ciblent la vie d&rsquo;un personnage c\u00e9l\u00e8bre ou une p\u00e9riode de la Gr\u00e8ce contemporaine<\/span><span style=\"font-weight: 400;\">.<\/span><span style=\"font-weight: 400;\"><br \/><\/span><span style=\"font-weight: 400;\">Ils se composent de chants, narrations, et projections.<\/span><\/p>\t\t\t\t\t\t\t\t<\/div>\n\t\t\t\t<\/div>\n\t\t\t\t<\/div>\n\t\t\t\t<\/div>\n\t\t<div class=\"elementor-element elementor-element-9fe5a10 e-flex e-con-boxed e-con e-parent\" data-id=\"9fe5a10\" data-element_type=\"container\" data-settings=\"{&quot;background_background&quot;:&quot;classic&quot;}\">\n\t\t\t\t\t<div class=\"e-con-inner\">\n\t\t\t\t<div class=\"elementor-element elementor-element-d9e4c5f elementor-widget elementor-widget-heading\" data-id=\"d9e4c5f\" data-element_type=\"widget\" data-widget_type=\"heading.default\">\n\t\t\t\t<div class=\"elementor-widget-container\">\n\t\t\t\t\t<h2 class=\"elementor-heading-title elementor-size-default\">Le groupe Philia<\/h2>\t\t\t\t<\/div>\n\t\t\t\t<\/div>\n\t\t\t\t\t<\/div>\n\t\t\t\t<\/div>\n\t\t<div class=\"elementor-element elementor-element-3f81b7f e-con-full e-flex e-con e-parent\" data-id=\"3f81b7f\" data-element_type=\"container\" data-settings=\"{&quot;background_background&quot;:&quot;classic&quot;}\">\n\t\t<div class=\"elementor-element elementor-element-fb73240 e-flex e-con-boxed e-con e-child\" data-id=\"fb73240\" data-element_type=\"container\">\n\t\t\t\t\t<div class=\"e-con-inner\">\n\t\t\t\t<div class=\"elementor-element elementor-element-0ef72d9 elementor-widget elementor-widget-text-editor\" data-id=\"0ef72d9\" data-element_type=\"widget\" data-widget_type=\"text-editor.default\">\n\t\t\t\t<div class=\"elementor-widget-container\">\n\t\t\t\t\t\t\t\t\t<p><span style=\"font-weight: 400;\">Ce groupe est n\u00e9 au d\u00e9but des ann\u00e9es 80 de la rencontre de 2 amis aux racines hell\u00e8nes : Yola Mantzavinos et Mikhalis Diniakos. Partageant le m\u00eame amour pour la chanson, ils d\u00e9cid\u00e8rent ensuite d\u2019unir leur voix \u00e0 celle du guitariste Michel Odoul, et puis, comme il n\u2019est pas de musique grecque sans bouzouki, Dimitri Mastrogioglou, musicien professionnel, vint se joindre \u00e0 eux. Par la suite, Nicky Samuel apporta\u00a0 ses talents de flutiste, et Vincent Esnault ses percussions, donnant enfin \u00e0 ce groupe toute la cr\u00e9dibilit\u00e9 d\u2019un talent indiscutable.<\/span><\/p>\t\t\t\t\t\t\t\t<\/div>\n\t\t\t\t<\/div>\n\t\t\t\t<div class=\"elementor-element elementor-element-4a9c756 elementor-widget elementor-widget-image\" data-id=\"4a9c756\" data-element_type=\"widget\" data-widget_type=\"image.default\">\n\t\t\t\t<div class=\"elementor-widget-container\">\n\t\t\t\t\t\t\t\t\t\t\t\t\t\t\t<img decoding=\"async\" width=\"375\" height=\"228\" src=\"https:\/\/www.eurogrecefrance.org\/wp-content\/uploads\/2025\/05\/groupe.webp\" class=\"attachment-large size-large wp-image-361\" alt=\"\" srcset=\"https:\/\/www.eurogrecefrance.org\/wp-content\/uploads\/2025\/05\/groupe.webp 375w, https:\/\/www.eurogrecefrance.org\/wp-content\/uploads\/2025\/05\/groupe-300x182.webp 300w\" sizes=\"(max-width: 375px) 100vw, 375px\" \/>\t\t\t\t\t\t\t\t\t\t\t\t\t\t\t<\/div>\n\t\t\t\t<\/div>\n\t\t\t\t\t<\/div>\n\t\t\t\t<\/div>\n\t\t\t\t<\/div>\n\t\t<div class=\"elementor-element elementor-element-81180eb e-flex e-con-boxed e-con e-parent\" data-id=\"81180eb\" data-element_type=\"container\">\n\t\t\t\t\t<div class=\"e-con-inner\">\n\t\t\t\t<div class=\"elementor-element elementor-element-c0bb766 elementor-widget elementor-widget-heading\" data-id=\"c0bb766\" data-element_type=\"widget\" data-widget_type=\"heading.default\">\n\t\t\t\t<div class=\"elementor-widget-container\">\n\t\t\t\t\t<h2 class=\"elementor-heading-title elementor-size-default\">M\u00e9lina Mercouri,\n sa vie ses chansons, ses combats<\/h2>\t\t\t\t<\/div>\n\t\t\t\t<\/div>\n\t\t<div class=\"elementor-element elementor-element-8a3b5fa e-con-full e-flex e-con e-child\" data-id=\"8a3b5fa\" data-element_type=\"container\">\n\t\t<div class=\"elementor-element elementor-element-c489441 e-con-full e-flex e-con e-child\" data-id=\"c489441\" data-element_type=\"container\">\n\t\t\t\t<div class=\"elementor-element elementor-element-76907b6 elementor-widget elementor-widget-image\" data-id=\"76907b6\" data-element_type=\"widget\" data-widget_type=\"image.default\">\n\t\t\t\t<div class=\"elementor-widget-container\">\n\t\t\t\t\t\t\t\t\t\t\t\t\t\t\t<img decoding=\"async\" width=\"620\" height=\"455\" src=\"https:\/\/www.eurogrecefrance.org\/wp-content\/uploads\/2025\/05\/melina-Mercouri.webp\" class=\"attachment-large size-large wp-image-374\" alt=\"\" srcset=\"https:\/\/www.eurogrecefrance.org\/wp-content\/uploads\/2025\/05\/melina-Mercouri.webp 620w, https:\/\/www.eurogrecefrance.org\/wp-content\/uploads\/2025\/05\/melina-Mercouri-300x220.webp 300w\" sizes=\"(max-width: 620px) 100vw, 620px\" \/>\t\t\t\t\t\t\t\t\t\t\t\t\t\t\t<\/div>\n\t\t\t\t<\/div>\n\t\t\t\t<\/div>\n\t\t<div class=\"elementor-element elementor-element-0fd6191 e-con-full e-flex e-con e-child\" data-id=\"0fd6191\" data-element_type=\"container\">\n\t\t\t\t<div class=\"elementor-element elementor-element-941472e elementor-widget elementor-widget-text-editor\" data-id=\"941472e\" data-element_type=\"widget\" data-widget_type=\"text-editor.default\">\n\t\t\t\t<div class=\"elementor-widget-container\">\n\t\t\t\t\t\t\t\t\t<p><span style=\"font-weight: 400;\">Tout le monde connait M\u00e9lina, elle fut l&rsquo;une des grandes figures f\u00e9minines de la Gr\u00e8ce du 20\u00e8me si\u00e8cle. Sa vie, ses chansons, ses combats, sont d\u00e9clin\u00e9s en musique et textes, le temps d&rsquo;une soir\u00e9e. Vous pourrez lire ci-apr\u00e8s le compte rendu du spectacle que Philia a donn\u00e9 \u00e0\u00a0 Montpellier dans le cadre de la journ\u00e9e de la femme, mais \u00e9galement \u00e0 Martignas, V\u00e9z\u00e9nobres, Brive, et m\u00eame &#8230;&#8230;. en Gr\u00e8ce en mars 2014, dans les communes de Kimi et Aliveri (\u00eele d&rsquo;Eub\u00e9e)\u00a0 devant un public grec tr\u00e8s \u00e9mu et tr\u00e8s admiratif ! <\/span><\/p>\t\t\t\t\t\t\t\t<\/div>\n\t\t\t\t<\/div>\n\t\t\t\t<\/div>\n\t\t\t\t<\/div>\n\t\t\t\t\t<\/div>\n\t\t\t\t<\/div>\n\t\t<div class=\"elementor-element elementor-element-55bb7bc e-flex e-con-boxed e-con e-parent\" data-id=\"55bb7bc\" data-element_type=\"container\" data-settings=\"{&quot;background_background&quot;:&quot;classic&quot;}\">\n\t\t\t\t\t<div class=\"e-con-inner\">\n\t\t\t\t<div class=\"elementor-element elementor-element-61ce255 elementor-widget elementor-widget-menu-anchor\" data-id=\"61ce255\" data-element_type=\"widget\" data-widget_type=\"menu-anchor.default\">\n\t\t\t\t<div class=\"elementor-widget-container\">\n\t\t\t\t\t\t\t<div class=\"elementor-menu-anchor\" id=\"spectacle\"><\/div>\n\t\t\t\t\t\t<\/div>\n\t\t\t\t<\/div>\n\t\t\t\t<div class=\"elementor-element elementor-element-b5589a7 elementor-widget elementor-widget-heading\" data-id=\"b5589a7\" data-element_type=\"widget\" data-widget_type=\"heading.default\">\n\t\t\t\t<div class=\"elementor-widget-container\">\n\t\t\t\t\t<h2 class=\"elementor-heading-title elementor-size-default\">Hommage au grand compositeur Manos Hadjidakis<\/h2>\t\t\t\t<\/div>\n\t\t\t\t<\/div>\n\t\t<div class=\"elementor-element elementor-element-7439bf2 e-con-full e-flex e-con e-child\" data-id=\"7439bf2\" data-element_type=\"container\">\n\t\t<div class=\"elementor-element elementor-element-baf9a2f e-con-full e-flex e-con e-child\" data-id=\"baf9a2f\" data-element_type=\"container\">\n\t\t\t\t<div class=\"elementor-element elementor-element-4c10230 elementor-widget elementor-widget-image\" data-id=\"4c10230\" data-element_type=\"widget\" data-widget_type=\"image.default\">\n\t\t\t\t<div class=\"elementor-widget-container\">\n\t\t\t\t\t\t\t\t\t\t\t\t\t\t\t<img loading=\"lazy\" decoding=\"async\" width=\"800\" height=\"523\" src=\"https:\/\/www.eurogrecefrance.org\/wp-content\/uploads\/2025\/05\/maris-hadjidakis-1024x669.webp\" class=\"attachment-large size-large wp-image-373\" alt=\"\" srcset=\"https:\/\/www.eurogrecefrance.org\/wp-content\/uploads\/2025\/05\/maris-hadjidakis-1024x669.webp 1024w, https:\/\/www.eurogrecefrance.org\/wp-content\/uploads\/2025\/05\/maris-hadjidakis-300x196.webp 300w, https:\/\/www.eurogrecefrance.org\/wp-content\/uploads\/2025\/05\/maris-hadjidakis-768x502.webp 768w, https:\/\/www.eurogrecefrance.org\/wp-content\/uploads\/2025\/05\/maris-hadjidakis.webp 1099w\" sizes=\"(max-width: 800px) 100vw, 800px\" \/>\t\t\t\t\t\t\t\t\t\t\t\t\t\t\t<\/div>\n\t\t\t\t<\/div>\n\t\t\t\t<\/div>\n\t\t<div class=\"elementor-element elementor-element-6ce3e53 e-con-full e-flex e-con e-child\" data-id=\"6ce3e53\" data-element_type=\"container\">\n\t\t\t\t<div class=\"elementor-element elementor-element-2c87b81 elementor-widget elementor-widget-text-editor\" data-id=\"2c87b81\" data-element_type=\"widget\" data-widget_type=\"text-editor.default\">\n\t\t\t\t<div class=\"elementor-widget-container\">\n\t\t\t\t\t\t\t\t\t<p><span style=\"font-weight: 400;\">Apr\u00e8s la premi\u00e8re de ce spectacle qui fut inaugur\u00e9 pr\u00e8s de Bordeaux en mars 2013, le public montpellierain a pu appr\u00e9cier en d\u00e9cembre 2014 l&rsquo;hommage rendu \u00e0 ce grand compositeur. Sur la sc\u00e8ne historique de la salle P\u00e9trarque, Yola Mantzavinos, Nicky Samuel \u00e0 la fl\u00fbte, Michel Diniakos, Dimitri Mastrogioglou au bouzouki et piano, Michel Odoul \u00e0 la guitare, et Vincent (percussions)\u00a0 ont interp\u00e9t\u00e9 un floril\u00e8ge des plus belles compositions de Manos Hadjidakis. Le public enthousiaste a d\u00e9couvert ou red\u00e9couvert un compositeur dont la force cr\u00e9atrice a \u00e9t\u00e9 de m\u00ealer dans sa musique, les traditions grecques, la musique occidentale, le classique, le jazz et m\u00eame le rock.<\/span><\/p>\t\t\t\t\t\t\t\t<\/div>\n\t\t\t\t<\/div>\n\t\t\t\t<\/div>\n\t\t\t\t<\/div>\n\t\t\t\t\t<\/div>\n\t\t\t\t<\/div>\n\t\t<div class=\"elementor-element elementor-element-172dbc7 e-flex e-con-boxed e-con e-parent\" data-id=\"172dbc7\" data-element_type=\"container\">\n\t\t\t\t\t<div class=\"e-con-inner\">\n\t\t\t\t<div class=\"elementor-element elementor-element-04ca29c elementor-widget elementor-widget-heading\" data-id=\"04ca29c\" data-element_type=\"widget\" data-widget_type=\"heading.default\">\n\t\t\t\t<div class=\"elementor-widget-container\">\n\t\t\t\t\t<h2 class=\"elementor-heading-title elementor-size-default\">La f\u00eate nationale grecque<\/h2>\t\t\t\t<\/div>\n\t\t\t\t<\/div>\n\t\t<div class=\"elementor-element elementor-element-b97ff95 e-con-full e-flex e-con e-child\" data-id=\"b97ff95\" data-element_type=\"container\">\n\t\t<div class=\"elementor-element elementor-element-071f017 e-con-full e-flex e-con e-child\" data-id=\"071f017\" data-element_type=\"container\">\n\t\t\t\t<div class=\"elementor-element elementor-element-1933e94 elementor-widget elementor-widget-image\" data-id=\"1933e94\" data-element_type=\"widget\" data-widget_type=\"image.default\">\n\t\t\t\t<div class=\"elementor-widget-container\">\n\t\t\t\t\t\t\t\t\t\t\t\t\t\t\t<img loading=\"lazy\" decoding=\"async\" width=\"800\" height=\"621\" src=\"https:\/\/www.eurogrecefrance.org\/wp-content\/uploads\/2025\/08\/numerise_20250414-2112_photo-emadjilali-1024x795.webp\" class=\"attachment-large size-large wp-image-466\" alt=\"\" srcset=\"https:\/\/www.eurogrecefrance.org\/wp-content\/uploads\/2025\/08\/numerise_20250414-2112_photo-emadjilali-1024x795.webp 1024w, https:\/\/www.eurogrecefrance.org\/wp-content\/uploads\/2025\/08\/numerise_20250414-2112_photo-emadjilali-300x233.webp 300w, https:\/\/www.eurogrecefrance.org\/wp-content\/uploads\/2025\/08\/numerise_20250414-2112_photo-emadjilali-768x596.webp 768w, https:\/\/www.eurogrecefrance.org\/wp-content\/uploads\/2025\/08\/numerise_20250414-2112_photo-emadjilali-1536x1192.webp 1536w, https:\/\/www.eurogrecefrance.org\/wp-content\/uploads\/2025\/08\/numerise_20250414-2112_photo-emadjilali-scaled.webp 1920w\" sizes=\"(max-width: 800px) 100vw, 800px\" \/>\t\t\t\t\t\t\t\t\t\t\t\t\t\t\t<\/div>\n\t\t\t\t<\/div>\n\t\t\t\t<\/div>\n\t\t<div class=\"elementor-element elementor-element-c73691b e-con-full e-flex e-con e-child\" data-id=\"c73691b\" data-element_type=\"container\">\n\t\t\t\t<div class=\"elementor-element elementor-element-bb1d8ec elementor-widget elementor-widget-text-editor\" data-id=\"bb1d8ec\" data-element_type=\"widget\" data-widget_type=\"text-editor.default\">\n\t\t\t\t<div class=\"elementor-widget-container\">\n\t\t\t\t\t\t\t\t\t<p>Chaque ann\u00e9e \u00e0 l&rsquo;occasion de la f\u00eate nationale grecque, l&rsquo;association <b>EuroGr\u00e8ceFrance<\/b> propose un spectacle de danse, o\u00f9 chacun.e est le bienvenu.e pour partager ensemble cet \u00e9v\u00e9nement fort.\u00a0<\/p>\t\t\t\t\t\t\t\t<\/div>\n\t\t\t\t<\/div>\n\t\t\t\t<\/div>\n\t\t\t\t<\/div>\n\t\t\t\t\t<\/div>\n\t\t\t\t<\/div>\n\t\t\t\t<\/div>\n\t\t","protected":false},"excerpt":{"rendered":"<p>Les Spectacles Philia L&rsquo;association Euro Gr\u00e8ce France est partenaire du groupe Philia. Philia propose depuis 10 ans des spectacles enti\u00e8rement con\u00e7us et r\u00e9alis\u00e9s par eux-m\u00eames. Ces spectacles d&rsquo;une dur\u00e9e d&rsquo;1H30 [&hellip;]<\/p>\n","protected":false},"author":1,"featured_media":0,"parent":0,"menu_order":0,"comment_status":"closed","ping_status":"closed","template":"elementor_header_footer","meta":{"footnotes":""},"class_list":["post-357","page","type-page","status-publish","hentry"],"_links":{"self":[{"href":"https:\/\/www.eurogrecefrance.org\/index.php\/wp-json\/wp\/v2\/pages\/357","targetHints":{"allow":["GET"]}}],"collection":[{"href":"https:\/\/www.eurogrecefrance.org\/index.php\/wp-json\/wp\/v2\/pages"}],"about":[{"href":"https:\/\/www.eurogrecefrance.org\/index.php\/wp-json\/wp\/v2\/types\/page"}],"author":[{"embeddable":true,"href":"https:\/\/www.eurogrecefrance.org\/index.php\/wp-json\/wp\/v2\/users\/1"}],"replies":[{"embeddable":true,"href":"https:\/\/www.eurogrecefrance.org\/index.php\/wp-json\/wp\/v2\/comments?post=357"}],"version-history":[{"count":45,"href":"https:\/\/www.eurogrecefrance.org\/index.php\/wp-json\/wp\/v2\/pages\/357\/revisions"}],"predecessor-version":[{"id":669,"href":"https:\/\/www.eurogrecefrance.org\/index.php\/wp-json\/wp\/v2\/pages\/357\/revisions\/669"}],"wp:attachment":[{"href":"https:\/\/www.eurogrecefrance.org\/index.php\/wp-json\/wp\/v2\/media?parent=357"}],"curies":[{"name":"wp","href":"https:\/\/api.w.org\/{rel}","templated":true}]}}