{"id":20,"date":"2025-04-21T18:06:20","date_gmt":"2025-04-21T16:06:20","guid":{"rendered":"https:\/\/www.eurogrecefrance.org\/index.php\/about\/"},"modified":"2026-02-16T11:37:44","modified_gmt":"2026-02-16T10:37:44","slug":"association","status":"publish","type":"page","link":"https:\/\/www.eurogrecefrance.org\/index.php\/association\/","title":{"rendered":"Association"},"content":{"rendered":"\t\t<div data-elementor-type=\"wp-page\" data-elementor-id=\"20\" class=\"elementor elementor-20\" data-elementor-post-type=\"page\">\n\t\t\t\t<div class=\"elementor-element elementor-element-1317c08f e-con-full e-flex e-con e-parent\" data-id=\"1317c08f\" data-element_type=\"container\">\n\t\t<div class=\"elementor-element elementor-element-6bf3945e e-con-full e-flex e-con e-child\" data-id=\"6bf3945e\" data-element_type=\"container\">\n\t\t\t\t<div class=\"elementor-element elementor-element-258f778 elementor-widget elementor-widget-image\" data-id=\"258f778\" data-element_type=\"widget\" data-widget_type=\"image.default\">\n\t\t\t\t<div class=\"elementor-widget-container\">\n\t\t\t\t\t\t\t\t\t\t\t\t\t\t\t<img fetchpriority=\"high\" decoding=\"async\" width=\"1296\" height=\"864\" src=\"https:\/\/www.eurogrecefrance.org\/wp-content\/uploads\/2025\/04\/23668807_1600488040008526_4341510150002556631_o.webp\" class=\"attachment-full size-full wp-image-227\" alt=\"\" srcset=\"https:\/\/www.eurogrecefrance.org\/wp-content\/uploads\/2025\/04\/23668807_1600488040008526_4341510150002556631_o.webp 1296w, https:\/\/www.eurogrecefrance.org\/wp-content\/uploads\/2025\/04\/23668807_1600488040008526_4341510150002556631_o-300x200.webp 300w, https:\/\/www.eurogrecefrance.org\/wp-content\/uploads\/2025\/04\/23668807_1600488040008526_4341510150002556631_o-1024x683.webp 1024w, https:\/\/www.eurogrecefrance.org\/wp-content\/uploads\/2025\/04\/23668807_1600488040008526_4341510150002556631_o-768x512.webp 768w\" sizes=\"(max-width: 1296px) 100vw, 1296px\" \/>\t\t\t\t\t\t\t\t\t\t\t\t\t\t\t<\/div>\n\t\t\t\t<\/div>\n\t\t\t\t<\/div>\n\t\t<div class=\"elementor-element elementor-element-1d1ceeb7 e-con-full e-flex e-con e-child\" data-id=\"1d1ceeb7\" data-element_type=\"container\">\n\t\t\t\t<div class=\"elementor-element elementor-element-5441cb66 elementor-widget elementor-widget-heading\" data-id=\"5441cb66\" data-element_type=\"widget\" data-widget_type=\"heading.default\">\n\t\t\t\t<div class=\"elementor-widget-container\">\n\t\t\t\t\t<h1 class=\"elementor-heading-title elementor-size-default\">\u00c0 propos\nde l'association<\/h1>\t\t\t\t<\/div>\n\t\t\t\t<\/div>\n\t\t\t\t<div class=\"elementor-element elementor-element-6321f01 elementor-widget elementor-widget-text-editor\" data-id=\"6321f01\" data-element_type=\"widget\" data-widget_type=\"text-editor.default\">\n\t\t\t\t<div class=\"elementor-widget-container\">\n\t\t\t\t\t\t\t\t\t<p dir=\"ltr\" style=\"line-height: 1.5; text-align: justify; background-color: #ffffff; margin-top: 0pt; margin-bottom: 0pt; padding: 0pt 0pt 14pt 0pt;\"><span style=\"font-size: 10pt; font-family: Verdana,sans-serif; color: #333333; background-color: transparent; font-weight: 400; font-style: normal; font-variant: normal; text-decoration: none; vertical-align: baseline; white-space: pre-wrap;\">L&rsquo;association culturelle <strong>EuroGr\u00e8ceFrance<\/strong> a \u00e9t\u00e9 cr\u00e9\u00e9e \u00e0 Montpellier en 1990.<\/span><span style=\"font-size: 10pt; font-family: Verdana,sans-serif; color: #333333; background-color: transparent; font-weight: 400; font-style: normal; font-variant: normal; text-decoration: none; vertical-align: baseline; white-space: pre-wrap;\"><br \/><\/span><span style=\"font-size: 10pt; font-family: Verdana,sans-serif; color: #333333; background-color: transparent; font-weight: 400; font-style: normal; font-variant: normal; text-decoration: none; vertical-align: baseline; white-space: pre-wrap;\">R\u00e9gie par la loi de 1901, elle s&rsquo;efforce de promouvoir la culture grecque sous toutes ses formes : conf\u00e9rences, livres, th\u00e9\u00e2tre, cin\u00e9ma, danses, cours de langue, et d&rsquo;entretenir une animation au sein de la communaut\u00e9 hell\u00e9nique et des philh\u00e9ll\u00e8nes de Montpellier et sa r\u00e9gion, par l&rsquo;organisation de festivit\u00e9s, de rencontres et d&rsquo;\u00e9changes culturels.<\/span><\/p>\t\t\t\t\t\t\t\t<\/div>\n\t\t\t\t<\/div>\n\t\t\t\t<div class=\"elementor-element elementor-element-6a4d7fe elementor-widget elementor-widget-button\" data-id=\"6a4d7fe\" data-element_type=\"widget\" data-widget_type=\"button.default\">\n\t\t\t\t<div class=\"elementor-widget-container\">\n\t\t\t\t\t\t\t\t\t<div class=\"elementor-button-wrapper\">\n\t\t\t\t\t<a class=\"elementor-button elementor-button-link elementor-size-sm\" href=\"#\">\n\t\t\t\t\t\t<span class=\"elementor-button-content-wrapper\">\n\t\t\t\t\t\t<span class=\"elementor-button-icon\">\n\t\t\t\t<svg aria-hidden=\"true\" class=\"e-font-icon-svg e-fas-download\" viewBox=\"0 0 512 512\" xmlns=\"http:\/\/www.w3.org\/2000\/svg\"><path d=\"M216 0h80c13.3 0 24 10.7 24 24v168h87.7c17.8 0 26.7 21.5 14.1 34.1L269.7 378.3c-7.5 7.5-19.8 7.5-27.3 0L90.1 226.1c-12.6-12.6-3.7-34.1 14.1-34.1H192V24c0-13.3 10.7-24 24-24zm296 376v112c0 13.3-10.7 24-24 24H24c-13.3 0-24-10.7-24-24V376c0-13.3 10.7-24 24-24h146.7l49 49c20.1 20.1 52.5 20.1 72.6 0l49-49H488c13.3 0 24 10.7 24 24zm-124 88c0-11-9-20-20-20s-20 9-20 20 9 20 20 20 20-9 20-20zm64 0c0-11-9-20-20-20s-20 9-20 20 9 20 20 20 20-9 20-20z\"><\/path><\/svg>\t\t\t<\/span>\n\t\t\t\t\t\t\t\t\t<span class=\"elementor-button-text\">T\u00e9l\u00e9charger les statuts<\/span>\n\t\t\t\t\t<\/span>\n\t\t\t\t\t<\/a>\n\t\t\t\t<\/div>\n\t\t\t\t\t\t\t\t<\/div>\n\t\t\t\t<\/div>\n\t\t\t\t<\/div>\n\t\t\t\t<\/div>\n\t\t<div class=\"elementor-element elementor-element-9fe5a10 e-flex e-con-boxed e-con e-parent\" data-id=\"9fe5a10\" data-element_type=\"container\" data-settings=\"{&quot;background_background&quot;:&quot;classic&quot;}\">\n\t\t\t\t\t<div class=\"e-con-inner\">\n\t\t\t\t<div class=\"elementor-element elementor-element-d9e4c5f elementor-widget elementor-widget-heading\" data-id=\"d9e4c5f\" data-element_type=\"widget\" data-widget_type=\"heading.default\">\n\t\t\t\t<div class=\"elementor-widget-container\">\n\t\t\t\t\t<h2 class=\"elementor-heading-title elementor-size-default\">Nos Objectifs<\/h2>\t\t\t\t<\/div>\n\t\t\t\t<\/div>\n\t\t\t\t\t<\/div>\n\t\t\t\t<\/div>\n\t\t<div class=\"elementor-element elementor-element-3f81b7f e-con-full e-flex e-con e-parent\" data-id=\"3f81b7f\" data-element_type=\"container\" data-settings=\"{&quot;background_background&quot;:&quot;classic&quot;}\">\n\t\t<div class=\"elementor-element elementor-element-6e050c3 e-flex e-con-boxed e-con e-child\" data-id=\"6e050c3\" data-element_type=\"container\">\n\t\t\t\t\t<div class=\"e-con-inner\">\n\t\t<div class=\"elementor-element elementor-element-8aed9dc e-con-full e-flex e-con e-child\" data-id=\"8aed9dc\" data-element_type=\"container\">\n\t\t\t\t<div class=\"elementor-element elementor-element-00c764d elementor-widget elementor-widget-heading\" data-id=\"00c764d\" data-element_type=\"widget\" data-widget_type=\"heading.default\">\n\t\t\t\t<div class=\"elementor-widget-container\">\n\t\t\t\t\t<h2 class=\"elementor-heading-title elementor-size-default\">1<\/h2>\t\t\t\t<\/div>\n\t\t\t\t<\/div>\n\t\t\t\t<div class=\"elementor-element elementor-element-e846d36 elementor-widget elementor-widget-text-editor\" data-id=\"e846d36\" data-element_type=\"widget\" data-widget_type=\"text-editor.default\">\n\t\t\t\t<div class=\"elementor-widget-container\">\n\t\t\t\t\t\t\t\t\t<strong style=\"font-size: 18px;font-weight: 600\">Dispenser un enseignement\n<\/strong><br> de la langue grecque moderne\net d\u00e9velopper les s\u00e9jours linguistiques.\t\t\t\t\t\t\t\t<\/div>\n\t\t\t\t<\/div>\n\t\t\t\t<\/div>\n\t\t<div class=\"elementor-element elementor-element-67ccc2b e-con-full e-flex e-con e-child\" data-id=\"67ccc2b\" data-element_type=\"container\">\n\t\t\t\t<div class=\"elementor-element elementor-element-ba61e4f elementor-widget elementor-widget-heading\" data-id=\"ba61e4f\" data-element_type=\"widget\" data-widget_type=\"heading.default\">\n\t\t\t\t<div class=\"elementor-widget-container\">\n\t\t\t\t\t<h2 class=\"elementor-heading-title elementor-size-default\">2<\/h2>\t\t\t\t<\/div>\n\t\t\t\t<\/div>\n\t\t\t\t<div class=\"elementor-element elementor-element-cc13882 elementor-widget elementor-widget-text-editor\" data-id=\"cc13882\" data-element_type=\"widget\" data-widget_type=\"text-editor.default\">\n\t\t\t\t<div class=\"elementor-widget-container\">\n\t\t\t\t\t\t\t\t\t<p><strong style=\"font-size: 18px; font-weight: 600;\">Organiser des cours\u00a0<\/strong><br \/>de danses et de chants<br \/>traditionnels<\/p>\t\t\t\t\t\t\t\t<\/div>\n\t\t\t\t<\/div>\n\t\t\t\t<\/div>\n\t\t<div class=\"elementor-element elementor-element-ff0e957 e-con-full e-flex e-con e-child\" data-id=\"ff0e957\" data-element_type=\"container\">\n\t\t\t\t<div class=\"elementor-element elementor-element-92b8830 elementor-widget elementor-widget-heading\" data-id=\"92b8830\" data-element_type=\"widget\" data-widget_type=\"heading.default\">\n\t\t\t\t<div class=\"elementor-widget-container\">\n\t\t\t\t\t<h2 class=\"elementor-heading-title elementor-size-default\">3<\/h2>\t\t\t\t<\/div>\n\t\t\t\t<\/div>\n\t\t\t\t<div class=\"elementor-element elementor-element-7429d23 elementor-widget elementor-widget-text-editor\" data-id=\"7429d23\" data-element_type=\"widget\" data-widget_type=\"text-editor.default\">\n\t\t\t\t<div class=\"elementor-widget-container\">\n\t\t\t\t\t\t\t\t\t<p><strong style=\"font-size: 18px; font-weight: 600;\">D\u00e9velopper des liens,\u00a0<br \/><\/strong>des \u00e9changes interculturels et socio \u00e9conomiques entre la France et les autres pays<\/p>\t\t\t\t\t\t\t\t<\/div>\n\t\t\t\t<\/div>\n\t\t\t\t<\/div>\n\t\t\t\t\t<\/div>\n\t\t\t\t<\/div>\n\t\t\t\t<\/div>\n\t\t<div class=\"elementor-element elementor-element-def1c2d e-flex e-con-boxed e-con e-parent\" data-id=\"def1c2d\" data-element_type=\"container\">\n\t\t\t\t\t<div class=\"e-con-inner\">\n\t\t\t\t<div class=\"elementor-element elementor-element-e8da6c8 elementor-widget elementor-widget-heading\" data-id=\"e8da6c8\" data-element_type=\"widget\" data-widget_type=\"heading.default\">\n\t\t\t\t<div class=\"elementor-widget-container\">\n\t\t\t\t\t<h2 class=\"elementor-heading-title elementor-size-default\">Les Membres du bureau<\/h2>\t\t\t\t<\/div>\n\t\t\t\t<\/div>\n\t\t\t\t<div class=\"elementor-element elementor-element-a1604fc elementor-widget elementor-widget-text-editor\" data-id=\"a1604fc\" data-element_type=\"widget\" data-widget_type=\"text-editor.default\">\n\t\t\t\t<div class=\"elementor-widget-container\">\n\t\t\t\t\t\t\t\t\t<p><b>Pr\u00e9sident fondateur\u00a0<\/b><span style=\"font-weight: 400;\">: <\/span><span style=\"font-weight: 400;\">Tony ANAGNOSTOPOULOS\u00a0<a><img decoding=\"async\" src=\"http:\/\/www.eurogrecefrance.org\/wp-content\/uploads\/2025\/09\/catholicisme.png\" alt=\"croix\" \/><\/a><\/span><\/p><p><span style=\"font-weight: bold;\">Pr\u00e9sident d&rsquo;honneur\u00a0<\/span>: Georges MALTAS<\/p><p><b>&#8212;<br \/><\/b><span style=\"font-weight: 400;\"><br \/><\/span><b>Pr\u00e9sident :<\/b><span style=\"font-weight: 400;\"> Jean-Fran\u00e7ois SCHVED<br \/><\/span><span style=\"font-weight: 400;\"><br \/><\/span><b>Vice-pr\u00e9sidente :<\/b><span style=\"font-weight: 400;\"> Phyllia GAMOURA<\/span><\/p><p><b>Tr\u00e9sorier :<\/b><span style=\"font-weight: 400;\"> Andreas NITTIS<\/span><\/p><p><b>Tr\u00e9sori\u00e8re adjointe :<\/b><span style=\"font-weight: 400;\"> Dominique FLICHE<\/span><\/p><p><b>Secr\u00e9taire :<\/b><span style=\"font-weight: 400;\"> Ariane ANGLAS\u00a0<\/span><\/p><p><b>Secr\u00e9taire adjoint :<\/b><span style=\"font-weight: 400;\"> Yves SOURP<\/span><\/p><p><b>Responsables de l&rsquo;enseignement du grec moderne<\/b><span style=\"font-weight: 400;\"> : <\/span><span style=\"font-weight: 400;\">Despoina STEFANOU, assist\u00e9e de Phyllia GAMOURA<\/span><\/p><p><b>Responsable danse :<\/b> <span style=\"font-weight: 400;\">Claudiane ESNAULT<\/span><\/p><p><b>Responsable chorale :<\/b><span style=\"font-weight: 400;\"> Yola BOTREL<\/span><\/p>\t\t\t\t\t\t\t\t<\/div>\n\t\t\t\t<\/div>\n\t\t\t\t<div class=\"elementor-element elementor-element-141d8e9 elementor-widget elementor-widget-heading\" data-id=\"141d8e9\" data-element_type=\"widget\" data-widget_type=\"heading.default\">\n\t\t\t\t<div class=\"elementor-widget-container\">\n\t\t\t\t\t<h2 class=\"elementor-heading-title elementor-size-default\">Les Membres\ndu Conseil d'Adminstration<\/h2>\t\t\t\t<\/div>\n\t\t\t\t<\/div>\n\t\t\t\t<div class=\"elementor-element elementor-element-561a3d8 elementor-widget elementor-widget-text-editor\" data-id=\"561a3d8\" data-element_type=\"widget\" data-widget_type=\"text-editor.default\">\n\t\t\t\t<div class=\"elementor-widget-container\">\n\t\t\t\t\t\t\t\t\t<p><span style=\"font-weight: 400;\">Ariane ANGLAS, Yola BOTREL, Dominique FLICHE, Phyllia GAMOURA, Andreas NITTIS, Jean-Fran\u00e7ois SCHVED, Yves SOURP, Emmanuella STAURON, Despoina STEFANOU, Christine VOUNATSOS.<\/span><\/p>\t\t\t\t\t\t\t\t<\/div>\n\t\t\t\t<\/div>\n\t\t\t\t<div class=\"elementor-element elementor-element-e73a230 elementor-widget elementor-widget-heading\" data-id=\"e73a230\" data-element_type=\"widget\" data-widget_type=\"heading.default\">\n\t\t\t\t<div class=\"elementor-widget-container\">\n\t\t\t\t\t<h2 class=\"elementor-heading-title elementor-size-default\">Membre d'honneur<\/h2>\t\t\t\t<\/div>\n\t\t\t\t<\/div>\n\t\t\t\t<div class=\"elementor-element elementor-element-9e30e40 elementor-widget elementor-widget-text-editor\" data-id=\"9e30e40\" data-element_type=\"widget\" data-widget_type=\"text-editor.default\">\n\t\t\t\t<div class=\"elementor-widget-container\">\n\t\t\t\t\t\t\t\t\t<p><span style=\"font-weight: 400;\">Mr Hussein BOURGI, S\u00e9nateur de l&rsquo;H\u00e9rault.<\/span><\/p>\t\t\t\t\t\t\t\t<\/div>\n\t\t\t\t<\/div>\n\t\t\t\t\t<\/div>\n\t\t\t\t<\/div>\n\t\t<div class=\"elementor-element elementor-element-80d597c e-flex e-con-boxed e-con e-parent\" data-id=\"80d597c\" data-element_type=\"container\">\n\t\t\t\t\t<div class=\"e-con-inner\">\n\t\t\t\t\t<\/div>\n\t\t\t\t<\/div>\n\t\t\t\t<\/div>\n\t\t","protected":false},"excerpt":{"rendered":"<p>\u00c0 propos de l&rsquo;association L&rsquo;association culturelle EuroGr\u00e8ceFrance a \u00e9t\u00e9 cr\u00e9\u00e9e \u00e0 Montpellier en 1990.R\u00e9gie par la loi de 1901, elle s&rsquo;efforce de promouvoir la culture grecque sous toutes ses formes [&hellip;]<\/p>\n","protected":false},"author":1,"featured_media":0,"parent":0,"menu_order":0,"comment_status":"closed","ping_status":"closed","template":"elementor_header_footer","meta":{"footnotes":""},"class_list":["post-20","page","type-page","status-publish","hentry"],"_links":{"self":[{"href":"https:\/\/www.eurogrecefrance.org\/index.php\/wp-json\/wp\/v2\/pages\/20","targetHints":{"allow":["GET"]}}],"collection":[{"href":"https:\/\/www.eurogrecefrance.org\/index.php\/wp-json\/wp\/v2\/pages"}],"about":[{"href":"https:\/\/www.eurogrecefrance.org\/index.php\/wp-json\/wp\/v2\/types\/page"}],"author":[{"embeddable":true,"href":"https:\/\/www.eurogrecefrance.org\/index.php\/wp-json\/wp\/v2\/users\/1"}],"replies":[{"embeddable":true,"href":"https:\/\/www.eurogrecefrance.org\/index.php\/wp-json\/wp\/v2\/comments?post=20"}],"version-history":[{"count":52,"href":"https:\/\/www.eurogrecefrance.org\/index.php\/wp-json\/wp\/v2\/pages\/20\/revisions"}],"predecessor-version":[{"id":759,"href":"https:\/\/www.eurogrecefrance.org\/index.php\/wp-json\/wp\/v2\/pages\/20\/revisions\/759"}],"wp:attachment":[{"href":"https:\/\/www.eurogrecefrance.org\/index.php\/wp-json\/wp\/v2\/media?parent=20"}],"curies":[{"name":"wp","href":"https:\/\/api.w.org\/{rel}","templated":true}]}}